{"id":4726,"date":"2025-10-03T10:01:15","date_gmt":"2025-10-03T13:01:15","guid":{"rendered":"https:\/\/thesport.news\/br\/?page_id=4726"},"modified":"2025-10-07T16:56:19","modified_gmt":"2025-10-07T19:56:19","slug":"equipe-e-autores","status":"publish","type":"page","link":"https:\/\/thesport.news\/br\/equipe-e-autores\/","title":{"rendered":"Equipe e Autores"},"content":{"rendered":"\n<p>O <strong>The Sport News BR<\/strong> \u00e9 produzido por uma equipe dedicada de redatores e editores que compartilham a paix\u00e3o pelo esporte e o compromisso de oferecer informa\u00e7\u00f5es confi\u00e1veis e de qualidade.<\/p>\n\n\n\n<h2 class=\"wp-block-heading\" id=\"h-nossa-equipe\">Nossa Equipe<\/h2>\n\n\n\n<h3 class=\"wp-block-heading\" id=\"h-redacao\">Reda\u00e7\u00e3o<\/h3>\n\n\n\n<ul class=\"wp-block-list\">\n<li><strong>Equipe de Jornalismo Esportivo<\/strong><br>Respons\u00e1vel pela cobertura di\u00e1ria de futebol, esportes internacionais e competi\u00e7\u00f5es nacionais.<\/li>\n\n\n\n<li><strong>Equipe de Conte\u00fado Multim\u00eddia<\/strong><br>Produz an\u00e1lises, artigos especiais, curiosidades e acompanha os destaques do universo esportivo.<\/li>\n<\/ul>\n\n\n\n<h3 class=\"wp-block-heading\" id=\"h-edicao\">Edi\u00e7\u00e3o<\/h3>\n\n\n\n<ul class=\"wp-block-list\">\n<li><strong>Editores de Conte\u00fado<\/strong><br>Garantem a qualidade editorial, clareza das informa\u00e7\u00f5es e ader\u00eancia \u00e0s boas pr\u00e1ticas jornal\u00edsticas.<\/li>\n<\/ul>\n\n\n\n<h3 class=\"wp-block-heading\" id=\"h-administracao\">Administra\u00e7\u00e3o<\/h3>\n\n\n\n<ul class=\"wp-block-list\">\n<li><strong>Coordena\u00e7\u00e3o Geral<\/strong><br>Respons\u00e1vel pela estrat\u00e9gia editorial, parcerias e gest\u00e3o da marca <strong>The Sport News BR<\/strong>.<\/li>\n<\/ul>\n\n\n\n<hr class=\"wp-block-separator has-alpha-channel-opacity\"\/>\n\n\n\n<h2 class=\"wp-block-heading\" id=\"h-contato-da-redacao\">Contato da Reda\u00e7\u00e3o<\/h2>\n\n\n\n<p>Para falar diretamente com a equipe:<br>\ud83d\udce7 <strong><a>thesport@thepeg.site<\/a><\/strong><\/p>\n","protected":false},"excerpt":{"rendered":"O The Sport News BR \u00e9 produzido por uma equipe dedicada de redatores e editores que compartilham a&hellip;","protected":false},"author":1,"featured_media":0,"parent":0,"menu_order":0,"comment_status":"closed","ping_status":"closed","template":"","meta":{"csco_display_header_overlay":false,"csco_singular_sidebar":"","csco_page_header_type":"","csco_page_load_nextpost":"","csco_post_video_location":[],"csco_post_video_location_hash":"","csco_post_video_url":"","csco_post_video_bg_start_time":0,"csco_post_video_bg_end_time":0,"footnotes":""},"class_list":{"0":"post-4726","1":"page","2":"type-page","3":"status-publish","5":"cs-entry","6":"cs-video-wrap"},"yoast_head":"<!-- This site is optimized with the Yoast SEO Premium plugin v26.0 (Yoast SEO v26.0) - https:\/\/yoast.com\/wordpress\/plugins\/seo\/ -->\n<title>Equipe e Autores - The Sport News \u2013 Tudo sobre futebol em um s\u00f3 lugar<\/title>\n<meta name=\"robots\" content=\"index, follow, max-snippet:-1, max-image-preview:large, max-video-preview:-1\" \/>\n<link rel=\"canonical\" href=\"https:\/\/thesport.news\/br\/equipe-e-autores\/\" \/>\n<meta property=\"og:locale\" content=\"pt_BR\" \/>\n<meta property=\"og:type\" content=\"article\" \/>\n<meta property=\"og:title\" content=\"Equipe e Autores\" \/>\n<meta property=\"og:description\" content=\"O The Sport News BR \u00e9 produzido por uma equipe dedicada de redatores e editores que compartilham a&hellip;\" \/>\n<meta property=\"og:url\" content=\"https:\/\/thesport.news\/br\/equipe-e-autores\/\" \/>\n<meta property=\"og:site_name\" content=\"The Sport News \u2013 Tudo sobre futebol em um s\u00f3 lugar\" \/>\n<meta property=\"article:modified_time\" content=\"2025-10-07T19:56:19+00:00\" \/>\n<meta name=\"twitter:card\" content=\"summary_large_image\" \/>\n<script type=\"application\/ld+json\" class=\"yoast-schema-graph\">{\"@context\":\"https:\/\/schema.org\",\"@graph\":[{\"@type\":\"WebPage\",\"@id\":\"https:\/\/thesport.news\/br\/equipe-e-autores\/\",\"url\":\"https:\/\/thesport.news\/br\/equipe-e-autores\/\",\"name\":\"Equipe e Autores - The Sport News \u2013 Tudo sobre futebol em um s\u00f3 lugar\",\"isPartOf\":{\"@id\":\"https:\/\/thesport.news\/br\/#website\"},\"datePublished\":\"2025-10-03T13:01:15+00:00\",\"dateModified\":\"2025-10-07T19:56:19+00:00\",\"breadcrumb\":{\"@id\":\"https:\/\/thesport.news\/br\/equipe-e-autores\/#breadcrumb\"},\"inLanguage\":\"pt-BR\",\"potentialAction\":[{\"@type\":\"ReadAction\",\"target\":[\"https:\/\/thesport.news\/br\/equipe-e-autores\/\"]}]},{\"@type\":\"BreadcrumbList\",\"@id\":\"https:\/\/thesport.news\/br\/equipe-e-autores\/#breadcrumb\",\"itemListElement\":[{\"@type\":\"ListItem\",\"position\":1,\"name\":\"In\u00edcio\",\"item\":\"https:\/\/thesport.news\/br\/\"},{\"@type\":\"ListItem\",\"position\":2,\"name\":\"Equipe e Autores\"}]},{\"@type\":\"WebSite\",\"@id\":\"https:\/\/thesport.news\/br\/#website\",\"url\":\"https:\/\/thesport.news\/br\/\",\"name\":\"The Sport News \u2013 Tudo sobre futebol em um s\u00f3 lugar\",\"description\":\"Not\u00edcias de futebol do Brasil e do mundo: campeonatos nacionais, Libertadores, Champions League e muito mais, atualizadas em tempo real.\",\"publisher\":{\"@id\":\"https:\/\/thesport.news\/br\/#organization\"},\"potentialAction\":[{\"@type\":\"SearchAction\",\"target\":{\"@type\":\"EntryPoint\",\"urlTemplate\":\"https:\/\/thesport.news\/br\/?s={search_term_string}\"},\"query-input\":{\"@type\":\"PropertyValueSpecification\",\"valueRequired\":true,\"valueName\":\"search_term_string\"}}],\"inLanguage\":\"pt-BR\"},{\"@type\":\"Organization\",\"@id\":\"https:\/\/thesport.news\/br\/#organization\",\"name\":\"The Sport News \u2013 Tudo sobre futebol em um s\u00f3 lugar\",\"url\":\"https:\/\/thesport.news\/br\/\",\"logo\":{\"@type\":\"ImageObject\",\"inLanguage\":\"pt-BR\",\"@id\":\"https:\/\/thesport.news\/br\/#\/schema\/logo\/image\/\",\"url\":\"https:\/\/thesport.news\/br\/wp-content\/uploads\/sites\/2\/2025\/09\/Sport_LogoFinal.png\",\"contentUrl\":\"https:\/\/thesport.news\/br\/wp-content\/uploads\/sites\/2\/2025\/09\/Sport_LogoFinal.png\",\"width\":175,\"height\":68,\"caption\":\"The Sport News \u2013 Tudo sobre futebol em um s\u00f3 lugar\"},\"image\":{\"@id\":\"https:\/\/thesport.news\/br\/#\/schema\/logo\/image\/\"}}]}<\/script>\n<!-- \/ Yoast SEO Premium plugin. -->","yoast_head_json":{"title":"Equipe e Autores - The Sport News \u2013 Tudo sobre futebol em um s\u00f3 lugar","robots":{"index":"index","follow":"follow","max-snippet":"max-snippet:-1","max-image-preview":"max-image-preview:large","max-video-preview":"max-video-preview:-1"},"canonical":"https:\/\/thesport.news\/br\/equipe-e-autores\/","og_locale":"pt_BR","og_type":"article","og_title":"Equipe e Autores","og_description":"O The Sport News BR \u00e9 produzido por uma equipe dedicada de redatores e editores que compartilham a&hellip;","og_url":"https:\/\/thesport.news\/br\/equipe-e-autores\/","og_site_name":"The Sport News \u2013 Tudo sobre futebol em um s\u00f3 lugar","article_modified_time":"2025-10-07T19:56:19+00:00","twitter_card":"summary_large_image","schema":{"@context":"https:\/\/schema.org","@graph":[{"@type":"WebPage","@id":"https:\/\/thesport.news\/br\/equipe-e-autores\/","url":"https:\/\/thesport.news\/br\/equipe-e-autores\/","name":"Equipe e Autores - The Sport News \u2013 Tudo sobre futebol em um s\u00f3 lugar","isPartOf":{"@id":"https:\/\/thesport.news\/br\/#website"},"datePublished":"2025-10-03T13:01:15+00:00","dateModified":"2025-10-07T19:56:19+00:00","breadcrumb":{"@id":"https:\/\/thesport.news\/br\/equipe-e-autores\/#breadcrumb"},"inLanguage":"pt-BR","potentialAction":[{"@type":"ReadAction","target":["https:\/\/thesport.news\/br\/equipe-e-autores\/"]}]},{"@type":"BreadcrumbList","@id":"https:\/\/thesport.news\/br\/equipe-e-autores\/#breadcrumb","itemListElement":[{"@type":"ListItem","position":1,"name":"In\u00edcio","item":"https:\/\/thesport.news\/br\/"},{"@type":"ListItem","position":2,"name":"Equipe e Autores"}]},{"@type":"WebSite","@id":"https:\/\/thesport.news\/br\/#website","url":"https:\/\/thesport.news\/br\/","name":"The Sport News \u2013 Tudo sobre futebol em um s\u00f3 lugar","description":"Not\u00edcias de futebol do Brasil e do mundo: campeonatos nacionais, Libertadores, Champions League e muito mais, atualizadas em tempo real.","publisher":{"@id":"https:\/\/thesport.news\/br\/#organization"},"potentialAction":[{"@type":"SearchAction","target":{"@type":"EntryPoint","urlTemplate":"https:\/\/thesport.news\/br\/?s={search_term_string}"},"query-input":{"@type":"PropertyValueSpecification","valueRequired":true,"valueName":"search_term_string"}}],"inLanguage":"pt-BR"},{"@type":"Organization","@id":"https:\/\/thesport.news\/br\/#organization","name":"The Sport News \u2013 Tudo sobre futebol em um s\u00f3 lugar","url":"https:\/\/thesport.news\/br\/","logo":{"@type":"ImageObject","inLanguage":"pt-BR","@id":"https:\/\/thesport.news\/br\/#\/schema\/logo\/image\/","url":"https:\/\/thesport.news\/br\/wp-content\/uploads\/sites\/2\/2025\/09\/Sport_LogoFinal.png","contentUrl":"https:\/\/thesport.news\/br\/wp-content\/uploads\/sites\/2\/2025\/09\/Sport_LogoFinal.png","width":175,"height":68,"caption":"The Sport News \u2013 Tudo sobre futebol em um s\u00f3 lugar"},"image":{"@id":"https:\/\/thesport.news\/br\/#\/schema\/logo\/image\/"}}]}},"jetpack_sharing_enabled":true,"_links":{"self":[{"href":"https:\/\/thesport.news\/br\/wp-json\/wp\/v2\/pages\/4726","targetHints":{"allow":["GET"]}}],"collection":[{"href":"https:\/\/thesport.news\/br\/wp-json\/wp\/v2\/pages"}],"about":[{"href":"https:\/\/thesport.news\/br\/wp-json\/wp\/v2\/types\/page"}],"author":[{"embeddable":true,"href":"https:\/\/thesport.news\/br\/wp-json\/wp\/v2\/users\/1"}],"replies":[{"embeddable":true,"href":"https:\/\/thesport.news\/br\/wp-json\/wp\/v2\/comments?post=4726"}],"version-history":[{"count":2,"href":"https:\/\/thesport.news\/br\/wp-json\/wp\/v2\/pages\/4726\/revisions"}],"predecessor-version":[{"id":6924,"href":"https:\/\/thesport.news\/br\/wp-json\/wp\/v2\/pages\/4726\/revisions\/6924"}],"wp:attachment":[{"href":"https:\/\/thesport.news\/br\/wp-json\/wp\/v2\/media?parent=4726"}],"curies":[{"name":"wp","href":"https:\/\/api.w.org\/{rel}","templated":true}]}}