{"id":4721,"date":"2025-10-03T10:00:45","date_gmt":"2025-10-03T13:00:45","guid":{"rendered":"https:\/\/thesport.news\/br\/?page_id=4721"},"modified":"2025-10-07T16:56:42","modified_gmt":"2025-10-07T19:56:42","slug":"termos-de-uso","status":"publish","type":"page","link":"https:\/\/thesport.news\/br\/termos-de-uso\/","title":{"rendered":"Termos de Uso"},"content":{"rendered":"\n<p>Ao acessar e utilizar o <strong>The Sport News BR<\/strong>, voc\u00ea concorda com os termos e condi\u00e7\u00f5es descritos abaixo. Recomendamos que leia atentamente este documento antes de navegar pelo site.<\/p>\n\n\n\n<h2 class=\"wp-block-heading\" id=\"h-1-aceitacao-dos-termos\">1. Aceita\u00e7\u00e3o dos termos<\/h2>\n\n\n\n<p>O uso deste site implica na aceita\u00e7\u00e3o integral desta Pol\u00edtica de Termos de Uso. Caso n\u00e3o concorde, recomendamos que n\u00e3o utilize nossos servi\u00e7os.<\/p>\n\n\n\n<h2 class=\"wp-block-heading\" id=\"h-2-conteudo\">2. Conte\u00fado<\/h2>\n\n\n\n<ul class=\"wp-block-list\">\n<li>As informa\u00e7\u00f5es publicadas no <strong>The Sport News BR<\/strong> t\u00eam car\u00e1ter exclusivamente informativo e editorial.<\/li>\n\n\n\n<li>Apesar do cuidado na apura\u00e7\u00e3o, n\u00e3o garantimos que todo o conte\u00fado esteja livre de erros, imprecis\u00f5es ou desatualiza\u00e7\u00f5es.<\/li>\n\n\n\n<li>O site n\u00e3o se responsabiliza por decis\u00f5es tomadas com base nas informa\u00e7\u00f5es aqui divulgadas.<\/li>\n<\/ul>\n\n\n\n<h2 class=\"wp-block-heading\" id=\"h-3-direitos-autorais\">3. Direitos autorais<\/h2>\n\n\n\n<ul class=\"wp-block-list\">\n<li>Todo o conte\u00fado (textos, imagens, v\u00eddeos e gr\u00e1ficos) \u00e9 protegido por direitos autorais e\/ou licen\u00e7as aplic\u00e1veis.<\/li>\n\n\n\n<li>O uso n\u00e3o autorizado de qualquer material poder\u00e1 resultar em medidas legais.<\/li>\n\n\n\n<li>Quando utilizamos material de terceiros, seguimos as regras de atribui\u00e7\u00e3o e cr\u00e9ditos.<\/li>\n<\/ul>\n\n\n\n<h2 class=\"wp-block-heading\" id=\"h-4-uso-permitido\">4. Uso permitido<\/h2>\n\n\n\n<ul class=\"wp-block-list\">\n<li>\u00c9 permitido compartilhar links para nossos conte\u00fados em redes sociais, sites ou aplicativos, desde que o <strong>The Sport News BR<\/strong> seja citado como fonte.<\/li>\n\n\n\n<li>N\u00e3o \u00e9 permitido copiar, reproduzir ou redistribuir integralmente os artigos sem autoriza\u00e7\u00e3o pr\u00e9via por escrito.<\/li>\n<\/ul>\n\n\n\n<h2 class=\"wp-block-heading\" id=\"h-5-publicidade-e-monetizacao\">5. Publicidade e monetiza\u00e7\u00e3o<\/h2>\n\n\n\n<ul class=\"wp-block-list\">\n<li>O site exibe an\u00fancios de plataformas parceiras (como Google AdSense).<\/li>\n\n\n\n<li>Os an\u00fancios s\u00e3o de responsabilidade exclusiva dos anunciantes, n\u00e3o representando endosso ou garantia de nossa parte.<\/li>\n<\/ul>\n\n\n\n<h2 class=\"wp-block-heading\" id=\"h-6-links-externos\">6. Links externos<\/h2>\n\n\n\n<ul class=\"wp-block-list\">\n<li>O site pode conter links para sites de terceiros. N\u00e3o temos controle sobre o conte\u00fado ou pol\u00edticas desses sites.<\/li>\n\n\n\n<li>N\u00e3o nos responsabilizamos por danos ou preju\u00edzos decorrentes do uso de links externos.<\/li>\n<\/ul>\n\n\n\n<h2 class=\"wp-block-heading\" id=\"h-7-alteracoes-nos-termos\">7. Altera\u00e7\u00f5es nos termos<\/h2>\n\n\n\n<p>Podemos atualizar estes Termos de Uso periodicamente. A data de atualiza\u00e7\u00e3o sempre ser\u00e1 indicada no in\u00edcio desta p\u00e1gina.<\/p>\n\n\n\n<h2 class=\"wp-block-heading\" id=\"h-8-contato\">8. Contato<\/h2>\n\n\n\n<p>Para d\u00favidas ou solicita\u00e7\u00f5es relacionadas a estes Termos de Uso, entre em contato:<br>\ud83d\udce7 <strong><a>thesport@thepeg.site<\/a><\/strong><\/p>\n","protected":false},"excerpt":{"rendered":"Ao acessar e utilizar o The Sport News BR, voc\u00ea concorda com os termos e condi\u00e7\u00f5es descritos abaixo.&hellip;","protected":false},"author":1,"featured_media":0,"parent":0,"menu_order":0,"comment_status":"closed","ping_status":"closed","template":"","meta":{"csco_display_header_overlay":false,"csco_singular_sidebar":"","csco_page_header_type":"","csco_page_load_nextpost":"","csco_post_video_location":[],"csco_post_video_location_hash":"","csco_post_video_url":"","csco_post_video_bg_start_time":0,"csco_post_video_bg_end_time":0,"footnotes":""},"class_list":{"0":"post-4721","1":"page","2":"type-page","3":"status-publish","5":"cs-entry","6":"cs-video-wrap"},"yoast_head":"<!-- This site is optimized with the Yoast SEO Premium plugin v26.0 (Yoast SEO v26.0) - https:\/\/yoast.com\/wordpress\/plugins\/seo\/ -->\n<title>Termos de Uso - The Sport News \u2013 Tudo sobre futebol em um s\u00f3 lugar<\/title>\n<meta name=\"robots\" content=\"index, follow, max-snippet:-1, max-image-preview:large, max-video-preview:-1\" \/>\n<link rel=\"canonical\" href=\"https:\/\/thesport.news\/br\/termos-de-uso\/\" \/>\n<meta property=\"og:locale\" content=\"pt_BR\" \/>\n<meta property=\"og:type\" content=\"article\" \/>\n<meta property=\"og:title\" content=\"Termos de Uso\" \/>\n<meta property=\"og:description\" content=\"Ao acessar e utilizar o The Sport News BR, voc\u00ea concorda com os termos e condi\u00e7\u00f5es descritos abaixo.&hellip;\" \/>\n<meta property=\"og:url\" content=\"https:\/\/thesport.news\/br\/termos-de-uso\/\" \/>\n<meta property=\"og:site_name\" content=\"The Sport News \u2013 Tudo sobre futebol em um s\u00f3 lugar\" \/>\n<meta property=\"article:modified_time\" content=\"2025-10-07T19:56:42+00:00\" \/>\n<meta name=\"twitter:card\" content=\"summary_large_image\" \/>\n<script type=\"application\/ld+json\" class=\"yoast-schema-graph\">{\"@context\":\"https:\/\/schema.org\",\"@graph\":[{\"@type\":\"WebPage\",\"@id\":\"https:\/\/thesport.news\/br\/termos-de-uso\/\",\"url\":\"https:\/\/thesport.news\/br\/termos-de-uso\/\",\"name\":\"Termos de Uso - The Sport News \u2013 Tudo sobre futebol em um s\u00f3 lugar\",\"isPartOf\":{\"@id\":\"https:\/\/thesport.news\/br\/#website\"},\"datePublished\":\"2025-10-03T13:00:45+00:00\",\"dateModified\":\"2025-10-07T19:56:42+00:00\",\"breadcrumb\":{\"@id\":\"https:\/\/thesport.news\/br\/termos-de-uso\/#breadcrumb\"},\"inLanguage\":\"pt-BR\",\"potentialAction\":[{\"@type\":\"ReadAction\",\"target\":[\"https:\/\/thesport.news\/br\/termos-de-uso\/\"]}]},{\"@type\":\"BreadcrumbList\",\"@id\":\"https:\/\/thesport.news\/br\/termos-de-uso\/#breadcrumb\",\"itemListElement\":[{\"@type\":\"ListItem\",\"position\":1,\"name\":\"In\u00edcio\",\"item\":\"https:\/\/thesport.news\/br\/\"},{\"@type\":\"ListItem\",\"position\":2,\"name\":\"Termos de Uso\"}]},{\"@type\":\"WebSite\",\"@id\":\"https:\/\/thesport.news\/br\/#website\",\"url\":\"https:\/\/thesport.news\/br\/\",\"name\":\"The Sport News \u2013 Tudo sobre futebol em um s\u00f3 lugar\",\"description\":\"Not\u00edcias de futebol do Brasil e do mundo: campeonatos nacionais, Libertadores, Champions League e muito mais, atualizadas em tempo real.\",\"publisher\":{\"@id\":\"https:\/\/thesport.news\/br\/#organization\"},\"potentialAction\":[{\"@type\":\"SearchAction\",\"target\":{\"@type\":\"EntryPoint\",\"urlTemplate\":\"https:\/\/thesport.news\/br\/?s={search_term_string}\"},\"query-input\":{\"@type\":\"PropertyValueSpecification\",\"valueRequired\":true,\"valueName\":\"search_term_string\"}}],\"inLanguage\":\"pt-BR\"},{\"@type\":\"Organization\",\"@id\":\"https:\/\/thesport.news\/br\/#organization\",\"name\":\"The Sport News \u2013 Tudo sobre futebol em um s\u00f3 lugar\",\"url\":\"https:\/\/thesport.news\/br\/\",\"logo\":{\"@type\":\"ImageObject\",\"inLanguage\":\"pt-BR\",\"@id\":\"https:\/\/thesport.news\/br\/#\/schema\/logo\/image\/\",\"url\":\"https:\/\/thesport.news\/br\/wp-content\/uploads\/sites\/2\/2025\/09\/Sport_LogoFinal.png\",\"contentUrl\":\"https:\/\/thesport.news\/br\/wp-content\/uploads\/sites\/2\/2025\/09\/Sport_LogoFinal.png\",\"width\":175,\"height\":68,\"caption\":\"The Sport News \u2013 Tudo sobre futebol em um s\u00f3 lugar\"},\"image\":{\"@id\":\"https:\/\/thesport.news\/br\/#\/schema\/logo\/image\/\"}}]}<\/script>\n<!-- \/ Yoast SEO Premium plugin. -->","yoast_head_json":{"title":"Termos de Uso - The Sport News \u2013 Tudo sobre futebol em um s\u00f3 lugar","robots":{"index":"index","follow":"follow","max-snippet":"max-snippet:-1","max-image-preview":"max-image-preview:large","max-video-preview":"max-video-preview:-1"},"canonical":"https:\/\/thesport.news\/br\/termos-de-uso\/","og_locale":"pt_BR","og_type":"article","og_title":"Termos de Uso","og_description":"Ao acessar e utilizar o The Sport News BR, voc\u00ea concorda com os termos e condi\u00e7\u00f5es descritos abaixo.&hellip;","og_url":"https:\/\/thesport.news\/br\/termos-de-uso\/","og_site_name":"The Sport News \u2013 Tudo sobre futebol em um s\u00f3 lugar","article_modified_time":"2025-10-07T19:56:42+00:00","twitter_card":"summary_large_image","schema":{"@context":"https:\/\/schema.org","@graph":[{"@type":"WebPage","@id":"https:\/\/thesport.news\/br\/termos-de-uso\/","url":"https:\/\/thesport.news\/br\/termos-de-uso\/","name":"Termos de Uso - The Sport News \u2013 Tudo sobre futebol em um s\u00f3 lugar","isPartOf":{"@id":"https:\/\/thesport.news\/br\/#website"},"datePublished":"2025-10-03T13:00:45+00:00","dateModified":"2025-10-07T19:56:42+00:00","breadcrumb":{"@id":"https:\/\/thesport.news\/br\/termos-de-uso\/#breadcrumb"},"inLanguage":"pt-BR","potentialAction":[{"@type":"ReadAction","target":["https:\/\/thesport.news\/br\/termos-de-uso\/"]}]},{"@type":"BreadcrumbList","@id":"https:\/\/thesport.news\/br\/termos-de-uso\/#breadcrumb","itemListElement":[{"@type":"ListItem","position":1,"name":"In\u00edcio","item":"https:\/\/thesport.news\/br\/"},{"@type":"ListItem","position":2,"name":"Termos de Uso"}]},{"@type":"WebSite","@id":"https:\/\/thesport.news\/br\/#website","url":"https:\/\/thesport.news\/br\/","name":"The Sport News \u2013 Tudo sobre futebol em um s\u00f3 lugar","description":"Not\u00edcias de futebol do Brasil e do mundo: campeonatos nacionais, Libertadores, Champions League e muito mais, atualizadas em tempo real.","publisher":{"@id":"https:\/\/thesport.news\/br\/#organization"},"potentialAction":[{"@type":"SearchAction","target":{"@type":"EntryPoint","urlTemplate":"https:\/\/thesport.news\/br\/?s={search_term_string}"},"query-input":{"@type":"PropertyValueSpecification","valueRequired":true,"valueName":"search_term_string"}}],"inLanguage":"pt-BR"},{"@type":"Organization","@id":"https:\/\/thesport.news\/br\/#organization","name":"The Sport News \u2013 Tudo sobre futebol em um s\u00f3 lugar","url":"https:\/\/thesport.news\/br\/","logo":{"@type":"ImageObject","inLanguage":"pt-BR","@id":"https:\/\/thesport.news\/br\/#\/schema\/logo\/image\/","url":"https:\/\/thesport.news\/br\/wp-content\/uploads\/sites\/2\/2025\/09\/Sport_LogoFinal.png","contentUrl":"https:\/\/thesport.news\/br\/wp-content\/uploads\/sites\/2\/2025\/09\/Sport_LogoFinal.png","width":175,"height":68,"caption":"The Sport News \u2013 Tudo sobre futebol em um s\u00f3 lugar"},"image":{"@id":"https:\/\/thesport.news\/br\/#\/schema\/logo\/image\/"}}]}},"jetpack_sharing_enabled":true,"_links":{"self":[{"href":"https:\/\/thesport.news\/br\/wp-json\/wp\/v2\/pages\/4721","targetHints":{"allow":["GET"]}}],"collection":[{"href":"https:\/\/thesport.news\/br\/wp-json\/wp\/v2\/pages"}],"about":[{"href":"https:\/\/thesport.news\/br\/wp-json\/wp\/v2\/types\/page"}],"author":[{"embeddable":true,"href":"https:\/\/thesport.news\/br\/wp-json\/wp\/v2\/users\/1"}],"replies":[{"embeddable":true,"href":"https:\/\/thesport.news\/br\/wp-json\/wp\/v2\/comments?post=4721"}],"version-history":[{"count":2,"href":"https:\/\/thesport.news\/br\/wp-json\/wp\/v2\/pages\/4721\/revisions"}],"predecessor-version":[{"id":6928,"href":"https:\/\/thesport.news\/br\/wp-json\/wp\/v2\/pages\/4721\/revisions\/6928"}],"wp:attachment":[{"href":"https:\/\/thesport.news\/br\/wp-json\/wp\/v2\/media?parent=4721"}],"curies":[{"name":"wp","href":"https:\/\/api.w.org\/{rel}","templated":true}]}}