{"id":4301,"date":"2025-10-02T12:27:01","date_gmt":"2025-10-02T15:27:01","guid":{"rendered":"https:\/\/thesport.news\/br\/?page_id=4301"},"modified":"2025-10-02T12:37:05","modified_gmt":"2025-10-02T15:37:05","slug":"creditos-de-imagens-direitos-autorais","status":"publish","type":"page","link":"https:\/\/thesport.news\/br\/creditos-de-imagens-direitos-autorais\/","title":{"rendered":"Cr\u00e9ditos de Imagens &amp; Direitos Autorais"},"content":{"rendered":"\n<p>Este site utiliza <strong>imagens e v\u00eddeos apenas com finalidade editorial e informativa<\/strong>, para contextualizar mat\u00e9rias, an\u00e1lises e conte\u00fados jornal\u00edsticos. <\/p>\n\n\n\n<p><strong>N\u00e3o reivindicamos propriedade<\/strong> sobre obras de terceiros. Sempre que poss\u00edvel, indicamos <strong>autor, fonte e licen\u00e7a<\/strong> aplic\u00e1vel.<\/p>\n\n\n\n<p>Caso voc\u00ea seja <strong>titular de direitos<\/strong> e identifique algum material que n\u00e3o deveria estar aqui, ou que precise de <strong>ajuste de cr\u00e9dito<\/strong>, entre em contato pelo e-mail <strong><a>contato@thepeg.site<\/a><\/strong> informando o link da p\u00e1gina e a comprova\u00e7\u00e3o de titularidade.<\/p>\n\n\n\n<p>Nos comprometemos a analisar a solicita\u00e7\u00e3o com prioridade e, se necess\u00e1rio, realizaremos:<\/p>\n\n\n\n<ul class=\"wp-block-list\">\n<li>Corre\u00e7\u00e3o ou inclus\u00e3o de cr\u00e9ditos;<\/li>\n\n\n\n<li>Substitui\u00e7\u00e3o por material licenciado ou pr\u00f3prio;<\/li>\n\n\n\n<li>Remo\u00e7\u00e3o imediata do conte\u00fado apontado.<\/li>\n<\/ul>\n\n\n\n<p>Este site respeita os direitos autorais e de imagem, e mant\u00e9m uma <strong>pol\u00edtica de remo\u00e7\u00e3o \u00e1gil<\/strong> em caso de notifica\u00e7\u00f5es v\u00e1lidas.<\/p>\n\n\n\n<p><\/p>\n","protected":false},"excerpt":{"rendered":"Este site utiliza imagens e v\u00eddeos apenas com finalidade editorial e informativa, para contextualizar mat\u00e9rias, an\u00e1lises e conte\u00fados&hellip;","protected":false},"author":1,"featured_media":0,"parent":0,"menu_order":0,"comment_status":"closed","ping_status":"closed","template":"","meta":{"csco_display_header_overlay":false,"csco_singular_sidebar":"","csco_page_header_type":"","csco_page_load_nextpost":"","csco_post_video_location":[],"csco_post_video_location_hash":"","csco_post_video_url":"","csco_post_video_bg_start_time":0,"csco_post_video_bg_end_time":0,"footnotes":""},"class_list":{"0":"post-4301","1":"page","2":"type-page","3":"status-publish","5":"cs-entry","6":"cs-video-wrap"},"yoast_head":"<!-- This site is optimized with the Yoast SEO Premium plugin v26.0 (Yoast SEO v26.0) - https:\/\/yoast.com\/wordpress\/plugins\/seo\/ -->\n<title>Cr\u00e9ditos de Imagens &amp; Direitos Autorais - The Sport News \u2013 Tudo sobre futebol em um s\u00f3 lugar<\/title>\n<meta name=\"robots\" content=\"index, follow, max-snippet:-1, max-image-preview:large, max-video-preview:-1\" \/>\n<link rel=\"canonical\" href=\"https:\/\/thesport.news\/br\/creditos-de-imagens-direitos-autorais\/\" \/>\n<meta property=\"og:locale\" content=\"pt_BR\" \/>\n<meta property=\"og:type\" content=\"article\" \/>\n<meta property=\"og:title\" content=\"Cr\u00e9ditos de Imagens &amp; Direitos Autorais\" \/>\n<meta property=\"og:description\" content=\"Este site utiliza imagens e v\u00eddeos apenas com finalidade editorial e informativa, para contextualizar mat\u00e9rias, an\u00e1lises e conte\u00fados&hellip;\" \/>\n<meta property=\"og:url\" content=\"https:\/\/thesport.news\/br\/creditos-de-imagens-direitos-autorais\/\" \/>\n<meta property=\"og:site_name\" content=\"The Sport News \u2013 Tudo sobre futebol em um s\u00f3 lugar\" \/>\n<meta property=\"article:modified_time\" content=\"2025-10-02T15:37:05+00:00\" \/>\n<meta name=\"twitter:card\" content=\"summary_large_image\" \/>\n<meta name=\"twitter:label1\" content=\"Est. tempo de leitura\" \/>\n\t<meta name=\"twitter:data1\" content=\"1 minuto\" \/>\n<script type=\"application\/ld+json\" class=\"yoast-schema-graph\">{\"@context\":\"https:\/\/schema.org\",\"@graph\":[{\"@type\":\"WebPage\",\"@id\":\"https:\/\/thesport.news\/br\/creditos-de-imagens-direitos-autorais\/\",\"url\":\"https:\/\/thesport.news\/br\/creditos-de-imagens-direitos-autorais\/\",\"name\":\"Cr\u00e9ditos de Imagens &amp; Direitos Autorais - The Sport News \u2013 Tudo sobre futebol em um s\u00f3 lugar\",\"isPartOf\":{\"@id\":\"https:\/\/thesport.news\/br\/#website\"},\"datePublished\":\"2025-10-02T15:27:01+00:00\",\"dateModified\":\"2025-10-02T15:37:05+00:00\",\"breadcrumb\":{\"@id\":\"https:\/\/thesport.news\/br\/creditos-de-imagens-direitos-autorais\/#breadcrumb\"},\"inLanguage\":\"pt-BR\",\"potentialAction\":[{\"@type\":\"ReadAction\",\"target\":[\"https:\/\/thesport.news\/br\/creditos-de-imagens-direitos-autorais\/\"]}]},{\"@type\":\"BreadcrumbList\",\"@id\":\"https:\/\/thesport.news\/br\/creditos-de-imagens-direitos-autorais\/#breadcrumb\",\"itemListElement\":[{\"@type\":\"ListItem\",\"position\":1,\"name\":\"In\u00edcio\",\"item\":\"https:\/\/thesport.news\/br\/\"},{\"@type\":\"ListItem\",\"position\":2,\"name\":\"Cr\u00e9ditos de Imagens &amp; Direitos Autorais\"}]},{\"@type\":\"WebSite\",\"@id\":\"https:\/\/thesport.news\/br\/#website\",\"url\":\"https:\/\/thesport.news\/br\/\",\"name\":\"The Sport News \u2013 Tudo sobre futebol em um s\u00f3 lugar\",\"description\":\"Not\u00edcias de futebol do Brasil e do mundo: campeonatos nacionais, Libertadores, Champions League e muito mais, atualizadas em tempo real.\",\"publisher\":{\"@id\":\"https:\/\/thesport.news\/br\/#organization\"},\"potentialAction\":[{\"@type\":\"SearchAction\",\"target\":{\"@type\":\"EntryPoint\",\"urlTemplate\":\"https:\/\/thesport.news\/br\/?s={search_term_string}\"},\"query-input\":{\"@type\":\"PropertyValueSpecification\",\"valueRequired\":true,\"valueName\":\"search_term_string\"}}],\"inLanguage\":\"pt-BR\"},{\"@type\":\"Organization\",\"@id\":\"https:\/\/thesport.news\/br\/#organization\",\"name\":\"The Sport News \u2013 Tudo sobre futebol em um s\u00f3 lugar\",\"url\":\"https:\/\/thesport.news\/br\/\",\"logo\":{\"@type\":\"ImageObject\",\"inLanguage\":\"pt-BR\",\"@id\":\"https:\/\/thesport.news\/br\/#\/schema\/logo\/image\/\",\"url\":\"https:\/\/thesport.news\/br\/wp-content\/uploads\/sites\/2\/2025\/09\/Sport_LogoFinal.png\",\"contentUrl\":\"https:\/\/thesport.news\/br\/wp-content\/uploads\/sites\/2\/2025\/09\/Sport_LogoFinal.png\",\"width\":175,\"height\":68,\"caption\":\"The Sport News \u2013 Tudo sobre futebol em um s\u00f3 lugar\"},\"image\":{\"@id\":\"https:\/\/thesport.news\/br\/#\/schema\/logo\/image\/\"}}]}<\/script>\n<!-- \/ Yoast SEO Premium plugin. -->","yoast_head_json":{"title":"Cr\u00e9ditos de Imagens &amp; Direitos Autorais - The Sport News \u2013 Tudo sobre futebol em um s\u00f3 lugar","robots":{"index":"index","follow":"follow","max-snippet":"max-snippet:-1","max-image-preview":"max-image-preview:large","max-video-preview":"max-video-preview:-1"},"canonical":"https:\/\/thesport.news\/br\/creditos-de-imagens-direitos-autorais\/","og_locale":"pt_BR","og_type":"article","og_title":"Cr\u00e9ditos de Imagens &amp; Direitos Autorais","og_description":"Este site utiliza imagens e v\u00eddeos apenas com finalidade editorial e informativa, para contextualizar mat\u00e9rias, an\u00e1lises e conte\u00fados&hellip;","og_url":"https:\/\/thesport.news\/br\/creditos-de-imagens-direitos-autorais\/","og_site_name":"The Sport News \u2013 Tudo sobre futebol em um s\u00f3 lugar","article_modified_time":"2025-10-02T15:37:05+00:00","twitter_card":"summary_large_image","twitter_misc":{"Est. tempo de leitura":"1 minuto"},"schema":{"@context":"https:\/\/schema.org","@graph":[{"@type":"WebPage","@id":"https:\/\/thesport.news\/br\/creditos-de-imagens-direitos-autorais\/","url":"https:\/\/thesport.news\/br\/creditos-de-imagens-direitos-autorais\/","name":"Cr\u00e9ditos de Imagens &amp; Direitos Autorais - The Sport News \u2013 Tudo sobre futebol em um s\u00f3 lugar","isPartOf":{"@id":"https:\/\/thesport.news\/br\/#website"},"datePublished":"2025-10-02T15:27:01+00:00","dateModified":"2025-10-02T15:37:05+00:00","breadcrumb":{"@id":"https:\/\/thesport.news\/br\/creditos-de-imagens-direitos-autorais\/#breadcrumb"},"inLanguage":"pt-BR","potentialAction":[{"@type":"ReadAction","target":["https:\/\/thesport.news\/br\/creditos-de-imagens-direitos-autorais\/"]}]},{"@type":"BreadcrumbList","@id":"https:\/\/thesport.news\/br\/creditos-de-imagens-direitos-autorais\/#breadcrumb","itemListElement":[{"@type":"ListItem","position":1,"name":"In\u00edcio","item":"https:\/\/thesport.news\/br\/"},{"@type":"ListItem","position":2,"name":"Cr\u00e9ditos de Imagens &amp; Direitos Autorais"}]},{"@type":"WebSite","@id":"https:\/\/thesport.news\/br\/#website","url":"https:\/\/thesport.news\/br\/","name":"The Sport News \u2013 Tudo sobre futebol em um s\u00f3 lugar","description":"Not\u00edcias de futebol do Brasil e do mundo: campeonatos nacionais, Libertadores, Champions League e muito mais, atualizadas em tempo real.","publisher":{"@id":"https:\/\/thesport.news\/br\/#organization"},"potentialAction":[{"@type":"SearchAction","target":{"@type":"EntryPoint","urlTemplate":"https:\/\/thesport.news\/br\/?s={search_term_string}"},"query-input":{"@type":"PropertyValueSpecification","valueRequired":true,"valueName":"search_term_string"}}],"inLanguage":"pt-BR"},{"@type":"Organization","@id":"https:\/\/thesport.news\/br\/#organization","name":"The Sport News \u2013 Tudo sobre futebol em um s\u00f3 lugar","url":"https:\/\/thesport.news\/br\/","logo":{"@type":"ImageObject","inLanguage":"pt-BR","@id":"https:\/\/thesport.news\/br\/#\/schema\/logo\/image\/","url":"https:\/\/thesport.news\/br\/wp-content\/uploads\/sites\/2\/2025\/09\/Sport_LogoFinal.png","contentUrl":"https:\/\/thesport.news\/br\/wp-content\/uploads\/sites\/2\/2025\/09\/Sport_LogoFinal.png","width":175,"height":68,"caption":"The Sport News \u2013 Tudo sobre futebol em um s\u00f3 lugar"},"image":{"@id":"https:\/\/thesport.news\/br\/#\/schema\/logo\/image\/"}}]}},"jetpack_sharing_enabled":true,"_links":{"self":[{"href":"https:\/\/thesport.news\/br\/wp-json\/wp\/v2\/pages\/4301","targetHints":{"allow":["GET"]}}],"collection":[{"href":"https:\/\/thesport.news\/br\/wp-json\/wp\/v2\/pages"}],"about":[{"href":"https:\/\/thesport.news\/br\/wp-json\/wp\/v2\/types\/page"}],"author":[{"embeddable":true,"href":"https:\/\/thesport.news\/br\/wp-json\/wp\/v2\/users\/1"}],"replies":[{"embeddable":true,"href":"https:\/\/thesport.news\/br\/wp-json\/wp\/v2\/comments?post=4301"}],"version-history":[{"count":3,"href":"https:\/\/thesport.news\/br\/wp-json\/wp\/v2\/pages\/4301\/revisions"}],"predecessor-version":[{"id":4308,"href":"https:\/\/thesport.news\/br\/wp-json\/wp\/v2\/pages\/4301\/revisions\/4308"}],"wp:attachment":[{"href":"https:\/\/thesport.news\/br\/wp-json\/wp\/v2\/media?parent=4301"}],"curies":[{"name":"wp","href":"https:\/\/api.w.org\/{rel}","templated":true}]}}